{"id":987,"date":"2024-03-15T00:21:42","date_gmt":"2024-03-15T00:21:42","guid":{"rendered":"https:\/\/estatutodelartista.com\/per-que-es-necessari"},"modified":"2024-10-18T12:21:09","modified_gmt":"2024-10-18T12:21:09","slug":"per-que-es-necessari","status":"publish","type":"page","link":"https:\/\/estatutodelartista.com\/ca\/per-que-es-necessari","title":{"rendered":"Per qu\u00e8 \u00e9s necessari"},"content":{"rendered":"\t\t<div data-elementor-type=\"wp-page\" data-elementor-id=\"987\" class=\"elementor elementor-987 elementor-553\" data-elementor-post-type=\"page\">\n\t\t\t\t<div class=\"elementor-element elementor-element-21470d2 e-flex e-con-boxed e-con e-parent\" data-id=\"21470d2\" data-element_type=\"container\" data-e-type=\"container\">\n\t\t\t\t\t<div class=\"e-con-inner\">\n\t\t<div class=\"elementor-element elementor-element-c3a9eab e-con-full e-flex e-con e-child\" data-id=\"c3a9eab\" data-element_type=\"container\" data-e-type=\"container\" data-settings=\"{&quot;background_background&quot;:&quot;classic&quot;}\">\n\t\t\t\t<div class=\"elementor-element elementor-element-800a063 elementor-widget elementor-widget-heading\" data-id=\"800a063\" data-element_type=\"widget\" data-e-type=\"widget\" data-widget_type=\"heading.default\">\n\t\t\t\t<div class=\"elementor-widget-container\">\n\t\t\t\t\t<h2 class=\"elementor-heading-title elementor-size-default\">Per qu\u00e8 \u00e9s<\/h2>\t\t\t\t<\/div>\n\t\t\t\t<\/div>\n\t\t\t\t<div class=\"elementor-element elementor-element-6bee6e8 rayaverde animated-fast elementor-invisible elementor-widget elementor-widget-heading\" data-id=\"6bee6e8\" data-element_type=\"widget\" data-e-type=\"widget\" data-settings=\"{&quot;_animation&quot;:&quot;fadeInDown&quot;}\" data-widget_type=\"heading.default\">\n\t\t\t\t<div class=\"elementor-widget-container\">\n\t\t\t\t\t<h2 class=\"elementor-heading-title elementor-size-default\">NECESSARI?<\/h2>\t\t\t\t<\/div>\n\t\t\t\t<\/div>\n\t\t\t\t<div class=\"elementor-element elementor-element-27e73d9 elementor-widget elementor-widget-text-editor\" data-id=\"27e73d9\" data-element_type=\"widget\" data-e-type=\"widget\" data-widget_type=\"text-editor.default\">\n\t\t\t\t<div class=\"elementor-widget-container\">\n\t\t\t\t\t\t\t\t\t<p>La cultura \u00e9s all\u00f2 que estudiarien uns extraterrestres si volguessin saber alguna cosa de nosaltres. Imagina&#8217;t si \u00e9s important!<\/p><p>\u00a0<\/p>\t\t\t\t\t\t\t\t<\/div>\n\t\t\t\t<\/div>\n\t\t\t\t<\/div>\n\t\t<div class=\"elementor-element elementor-element-2bc2c5e e-con-full e-flex e-con e-child\" data-id=\"2bc2c5e\" data-element_type=\"container\" data-e-type=\"container\" data-settings=\"{&quot;background_background&quot;:&quot;classic&quot;}\">\n\t\t\t\t<div class=\"elementor-element elementor-element-a51b7fe elementor-widget elementor-widget-spacer\" data-id=\"a51b7fe\" data-element_type=\"widget\" data-e-type=\"widget\" data-widget_type=\"spacer.default\">\n\t\t\t\t<div class=\"elementor-widget-container\">\n\t\t\t\t\t\t\t<div class=\"elementor-spacer\">\n\t\t\t<div class=\"elementor-spacer-inner\"><\/div>\n\t\t<\/div>\n\t\t\t\t\t\t<\/div>\n\t\t\t\t<\/div>\n\t\t\t\t<div class=\"elementor-element elementor-element-9bd84e4 e-transform elementor-widget elementor-widget-image\" data-id=\"9bd84e4\" data-element_type=\"widget\" data-e-type=\"widget\" data-settings=\"{&quot;_transform_flipX_effect&quot;:&quot;transform&quot;}\" data-widget_type=\"image.default\">\n\t\t\t\t<div class=\"elementor-widget-container\">\n\t\t\t\t\t\t\t\t\t\t\t\t\t\t\t<img fetchpriority=\"high\" decoding=\"async\" width=\"516\" height=\"456\" src=\"https:\/\/estatutodelartista.com\/wp-content\/uploads\/2024\/03\/porque-img01.png\" class=\"attachment-large size-large wp-image-574\" alt=\"ConArte presenta el Estatuto del Artista. Artistas con derechos\" srcset=\"https:\/\/estatutodelartista.com\/wp-content\/uploads\/2024\/03\/porque-img01.png 516w, https:\/\/estatutodelartista.com\/wp-content\/uploads\/2024\/03\/porque-img01-300x265.png 300w\" sizes=\"(max-width: 516px) 100vw, 516px\" \/>\t\t\t\t\t\t\t\t\t\t\t\t\t\t\t<\/div>\n\t\t\t\t<\/div>\n\t\t\t\t<\/div>\n\t\t\t\t\t<\/div>\n\t\t\t\t<\/div>\n\t\t<div class=\"elementor-element elementor-element-d06ff9a e-flex e-con-boxed e-con e-parent\" data-id=\"d06ff9a\" data-element_type=\"container\" data-e-type=\"container\">\n\t\t\t\t\t<div class=\"e-con-inner\">\n\t\t<div class=\"elementor-element elementor-element-96574d7 e-con-full e-flex e-con e-child\" data-id=\"96574d7\" data-element_type=\"container\" data-e-type=\"container\" data-settings=\"{&quot;background_background&quot;:&quot;classic&quot;}\">\n\t\t\t\t<div class=\"elementor-element elementor-element-4650524 elementor-invisible elementor-widget elementor-widget-heading\" data-id=\"4650524\" data-element_type=\"widget\" data-e-type=\"widget\" data-settings=\"{&quot;_animation&quot;:&quot;fadeInUp&quot;}\" data-widget_type=\"heading.default\">\n\t\t\t\t<div class=\"elementor-widget-container\">\n\t\t\t\t\t<h2 class=\"elementor-heading-title elementor-size-default\">El treball d'un\nartista sempre \u00e9s:<\/h2>\t\t\t\t<\/div>\n\t\t\t\t<\/div>\n\t\t\t\t<\/div>\n\t\t<div class=\"elementor-element elementor-element-1603bd3 e-con-full e-flex e-con e-child\" data-id=\"1603bd3\" data-element_type=\"container\" data-e-type=\"container\" data-settings=\"{&quot;background_background&quot;:&quot;classic&quot;}\">\n\t\t\t\t<div class=\"elementor-element elementor-element-1a7fe0d elementor-widget elementor-widget-spacer\" data-id=\"1a7fe0d\" data-element_type=\"widget\" data-e-type=\"widget\" data-widget_type=\"spacer.default\">\n\t\t\t\t<div class=\"elementor-widget-container\">\n\t\t\t\t\t\t\t<div class=\"elementor-spacer\">\n\t\t\t<div class=\"elementor-spacer-inner\"><\/div>\n\t\t<\/div>\n\t\t\t\t\t\t<\/div>\n\t\t\t\t<\/div>\n\t\t\t\t<div class=\"elementor-element elementor-element-14bff45 elementor-widget elementor-widget-html\" data-id=\"14bff45\" data-element_type=\"widget\" data-e-type=\"widget\" data-widget_type=\"html.default\">\n\t\t\t\t<div class=\"elementor-widget-container\">\n\t\t\t\t\t<h4 class=\"wordCarousel\"><div>\n<!-- Use classes 2,3,4, or 5 to match the number of words -->\n<ul class=\"flip4\">\n \t<li>irregular<\/li>\n \t<li>insegur<\/li>\n \t<li>imprevisible<\/li>\n \t<li>intermitent<\/li>\n<\/ul>\n<\/div><\/h4>\t\t\t\t<\/div>\n\t\t\t\t<\/div>\n\t\t\t\t<div class=\"elementor-element elementor-element-075c90a elementor-invisible elementor-widget elementor-widget-heading\" data-id=\"075c90a\" data-element_type=\"widget\" data-e-type=\"widget\" data-settings=\"{&quot;_animation&quot;:&quot;fadeInUp&quot;}\" data-widget_type=\"heading.default\">\n\t\t\t\t<div class=\"elementor-widget-container\">\n\t\t\t\t\t<h2 class=\"elementor-heading-title elementor-size-default\">quant a ingressos, precari, amb jornades de treball diferents de la majoria de les professions.<\/h2>\t\t\t\t<\/div>\n\t\t\t\t<\/div>\n\t\t\t\t<div class=\"elementor-element elementor-element-4146b0a elementor-widget elementor-widget-spacer\" data-id=\"4146b0a\" data-element_type=\"widget\" data-e-type=\"widget\" data-widget_type=\"spacer.default\">\n\t\t\t\t<div class=\"elementor-widget-container\">\n\t\t\t\t\t\t\t<div class=\"elementor-spacer\">\n\t\t\t<div class=\"elementor-spacer-inner\"><\/div>\n\t\t<\/div>\n\t\t\t\t\t\t<\/div>\n\t\t\t\t<\/div>\n\t\t\t\t<div class=\"elementor-element elementor-element-9cb7d3b elementor-widget elementor-widget-text-editor\" data-id=\"9cb7d3b\" data-element_type=\"widget\" data-e-type=\"widget\" data-widget_type=\"text-editor.default\">\n\t\t\t\t<div class=\"elementor-widget-container\">\n\t\t\t\t\t\t\t\t\t<p>Aix\u00f2 comporta m\u00e9s dificultat per accedir a l&#8217;atur, a la jubilaci\u00f3, a la maternitat, perqu\u00e8 la normativa no t\u00e9 en compte aquestes difer\u00e8ncies, cosa que fa molt complicat complir els requisits d&#8217;acc\u00e9s a les mesures de protecci\u00f3 social.<\/p>\n<p><\/p>\n<p>Aix\u00ed s&#8217;explica la necessitat d&#8217;adaptar la normativa general perqu\u00e8 els artistes, creadors o int\u00e8rprets puguin accedir a les mateixes prestacions, perqu\u00e8 totes les necessitats i demandes del sector art\u00edstic quedin reflectides en un nou marc jur\u00eddic. Un marc en qu\u00e8 es recolzi els artistes, tant creadors com int\u00e8rprets, mitjan\u00e7ant mesures que tinguin en consideraci\u00f3 la naturalesa at\u00edpica del treballador de la cultura, reconeixent l&#8217;especificitat, la intermit\u00e8ncia, la inseguretat, la imprevisibilitat de la feina, aix\u00ed com la irregularitat dels seus ingressos.<\/p>\t\t\t\t\t\t\t\t<\/div>\n\t\t\t\t<\/div>\n\t\t\t\t<\/div>\n\t\t\t\t\t<\/div>\n\t\t\t\t<\/div>\n\t\t<div class=\"elementor-element elementor-element-002d913 e-flex e-con-boxed e-con e-parent\" data-id=\"002d913\" data-element_type=\"container\" data-e-type=\"container\" data-settings=\"{&quot;background_background&quot;:&quot;classic&quot;}\">\n\t\t\t\t\t<div class=\"e-con-inner\">\n\t\t<div class=\"elementor-element elementor-element-72d6b29 e-con-full e-flex e-con e-child\" data-id=\"72d6b29\" data-element_type=\"container\" data-e-type=\"container\" data-settings=\"{&quot;background_background&quot;:&quot;classic&quot;}\">\n\t\t\t\t<\/div>\n\t\t<div class=\"elementor-element elementor-element-0552886 e-con-full e-flex e-con e-child\" data-id=\"0552886\" data-element_type=\"container\" data-e-type=\"container\" data-settings=\"{&quot;background_background&quot;:&quot;classic&quot;}\">\n\t\t\t\t<div class=\"elementor-element elementor-element-cfe16a2 elementor-widget elementor-widget-spacer\" data-id=\"cfe16a2\" data-element_type=\"widget\" data-e-type=\"widget\" data-widget_type=\"spacer.default\">\n\t\t\t\t<div class=\"elementor-widget-container\">\n\t\t\t\t\t\t\t<div class=\"elementor-spacer\">\n\t\t\t<div class=\"elementor-spacer-inner\"><\/div>\n\t\t<\/div>\n\t\t\t\t\t\t<\/div>\n\t\t\t\t<\/div>\n\t\t\t\t<div class=\"elementor-element elementor-element-0f0a38d animated-fast elementor-invisible elementor-widget elementor-widget-heading\" data-id=\"0f0a38d\" data-element_type=\"widget\" data-e-type=\"widget\" data-settings=\"{&quot;_animation&quot;:&quot;fadeInDown&quot;}\" data-widget_type=\"heading.default\">\n\t\t\t\t<div class=\"elementor-widget-container\">\n\t\t\t\t\t<h2 class=\"elementor-heading-title elementor-size-default\">Per aix\u00f2 \u00e9s necessari adaptar la normativa general de la resta de treballadors a les singularitats pr\u00f2pies dels treballadors de la cultura.<\/h2>\t\t\t\t<\/div>\n\t\t\t\t<\/div>\n\t\t\t\t<div class=\"elementor-element elementor-element-aacfc81 elementor-widget elementor-widget-text-editor\" data-id=\"aacfc81\" data-element_type=\"widget\" data-e-type=\"widget\" data-widget_type=\"text-editor.default\">\n\t\t\t\t<div class=\"elementor-widget-container\">\n\t\t\t\t\t\t\t\t\t<p>La pand\u00e8mia va deixar clara no nom\u00e9s la precarietat del sector cultural, sin\u00f3 el dif\u00edcil encaix en una legislaci\u00f3 laboral i fiscal, que no tenia en compte les particularitats d&#8217;un treball que combina \u00e8poques de molta i poca activitat.<\/p>\t\t\t\t\t\t\t\t<\/div>\n\t\t\t\t<\/div>\n\t\t\t\t<div class=\"elementor-element elementor-element-49d6014 elementor-widget elementor-widget-spacer\" data-id=\"49d6014\" data-element_type=\"widget\" data-e-type=\"widget\" data-widget_type=\"spacer.default\">\n\t\t\t\t<div class=\"elementor-widget-container\">\n\t\t\t\t\t\t\t<div class=\"elementor-spacer\">\n\t\t\t<div class=\"elementor-spacer-inner\"><\/div>\n\t\t<\/div>\n\t\t\t\t\t\t<\/div>\n\t\t\t\t<\/div>\n\t\t\t\t<\/div>\n\t\t\t\t\t<\/div>\n\t\t\t\t<\/div>\n\t\t\t\t<\/div>\n\t\t","protected":false},"excerpt":{"rendered":"<p>Per qu\u00e8 \u00e9s NECESSARI? La cultura \u00e9s all\u00f2 que estudiarien uns extraterrestres si volguessin saber alguna cosa de nosaltres. Imagina&#8217;t si \u00e9s important! \u00a0 El treball d&#8217;un artista sempre \u00e9s: irregular insegur imprevisible intermitent quant a ingressos, precari, amb jornades de treball diferents de la majoria de les professions. Aix\u00f2 comporta m\u00e9s dificultat per accedir [&hellip;]<\/p>\n","protected":false},"author":2,"featured_media":0,"parent":0,"menu_order":0,"comment_status":"closed","ping_status":"closed","template":"elementor_header_footer","meta":{"footnotes":""},"class_list":["post-987","page","type-page","status-publish","hentry"],"yoast_head":"<!-- This site is optimized with the Yoast SEO plugin v27.1.1 - https:\/\/yoast.com\/product\/yoast-seo-wordpress\/ -->\n<title>Per qu\u00e8 \u00e9s necessari - Estatuto del Artista - ConArte<\/title>\n<meta name=\"robots\" content=\"index, follow, max-snippet:-1, max-image-preview:large, max-video-preview:-1\" \/>\n<link rel=\"canonical\" href=\"https:\/\/estatutodelartista.com\/ca\/per-que-es-necessari\" \/>\n<meta property=\"og:locale\" content=\"ca_ES\" \/>\n<meta property=\"og:type\" content=\"article\" \/>\n<meta property=\"og:title\" content=\"Per qu\u00e8 \u00e9s necessari - Estatuto del Artista - ConArte\" \/>\n<meta property=\"og:description\" content=\"Per qu\u00e8 \u00e9s NECESSARI? La cultura \u00e9s all\u00f2 que estudiarien uns extraterrestres si volguessin saber alguna cosa de nosaltres. Imagina&#8217;t si \u00e9s important! \u00a0 El treball d&#8217;un artista sempre \u00e9s: irregular insegur imprevisible intermitent quant a ingressos, precari, amb jornades de treball diferents de la majoria de les professions. Aix\u00f2 comporta m\u00e9s dificultat per accedir [&hellip;]\" \/>\n<meta property=\"og:url\" content=\"https:\/\/estatutodelartista.com\/ca\/per-que-es-necessari\" \/>\n<meta property=\"og:site_name\" content=\"Estatuto del Artista - ConArte\" \/>\n<meta property=\"article:publisher\" content=\"https:\/\/www.youtube.com\/channel\/UCkmRiNakmIVJ36IQkwouSGw\" \/>\n<meta property=\"article:modified_time\" content=\"2024-10-18T12:21:09+00:00\" \/>\n<meta property=\"og:image\" content=\"https:\/\/estatutodelartista.com\/wp-content\/uploads\/2024\/03\/porque-img01.png\" \/>\n\t<meta property=\"og:image:width\" content=\"516\" \/>\n\t<meta property=\"og:image:height\" content=\"456\" \/>\n\t<meta property=\"og:image:type\" content=\"image\/png\" \/>\n<meta name=\"twitter:card\" content=\"summary_large_image\" \/>\n<meta name=\"twitter:label1\" content=\"Temps estimat de lectura\" \/>\n\t<meta name=\"twitter:data1\" content=\"2 minuts\" \/>\n<script type=\"application\/ld+json\" class=\"yoast-schema-graph\">{\"@context\":\"https:\/\/schema.org\",\"@graph\":[{\"@type\":\"WebPage\",\"@id\":\"https:\/\/estatutodelartista.com\/ca\/per-que-es-necessari\",\"url\":\"https:\/\/estatutodelartista.com\/ca\/per-que-es-necessari\",\"name\":\"Per qu\u00e8 \u00e9s necessari - Estatuto del Artista - ConArte\",\"isPartOf\":{\"@id\":\"https:\/\/estatutodelartista.com\/ca#website\"},\"primaryImageOfPage\":{\"@id\":\"https:\/\/estatutodelartista.com\/ca\/per-que-es-necessari#primaryimage\"},\"image\":{\"@id\":\"https:\/\/estatutodelartista.com\/ca\/per-que-es-necessari#primaryimage\"},\"thumbnailUrl\":\"https:\/\/estatutodelartista.com\/wp-content\/uploads\/2024\/03\/porque-img01.png\",\"datePublished\":\"2024-03-15T00:21:42+00:00\",\"dateModified\":\"2024-10-18T12:21:09+00:00\",\"breadcrumb\":{\"@id\":\"https:\/\/estatutodelartista.com\/ca\/per-que-es-necessari#breadcrumb\"},\"inLanguage\":\"ca\",\"potentialAction\":[{\"@type\":\"ReadAction\",\"target\":[\"https:\/\/estatutodelartista.com\/ca\/per-que-es-necessari\"]}]},{\"@type\":\"ImageObject\",\"inLanguage\":\"ca\",\"@id\":\"https:\/\/estatutodelartista.com\/ca\/per-que-es-necessari#primaryimage\",\"url\":\"https:\/\/estatutodelartista.com\/wp-content\/uploads\/2024\/03\/porque-img01.png\",\"contentUrl\":\"https:\/\/estatutodelartista.com\/wp-content\/uploads\/2024\/03\/porque-img01.png\"},{\"@type\":\"BreadcrumbList\",\"@id\":\"https:\/\/estatutodelartista.com\/ca\/per-que-es-necessari#breadcrumb\",\"itemListElement\":[{\"@type\":\"ListItem\",\"position\":1,\"name\":\"Portada\",\"item\":\"https:\/\/estatutodelartista.com\/ca\"},{\"@type\":\"ListItem\",\"position\":2,\"name\":\"Per qu\u00e8 \u00e9s necessari\"}]},{\"@type\":\"WebSite\",\"@id\":\"https:\/\/estatutodelartista.com\/ca#website\",\"url\":\"https:\/\/estatutodelartista.com\/ca\",\"name\":\"Estatuto del Artista\",\"description\":\"La web dedicada al Estatuto del Artista - ConArte\",\"publisher\":{\"@id\":\"https:\/\/estatutodelartista.com\/ca#organization\"},\"potentialAction\":[{\"@type\":\"SearchAction\",\"target\":{\"@type\":\"EntryPoint\",\"urlTemplate\":\"https:\/\/estatutodelartista.com\/ca?s={search_term_string}\"},\"query-input\":{\"@type\":\"PropertyValueSpecification\",\"valueRequired\":true,\"valueName\":\"search_term_string\"}}],\"inLanguage\":\"ca\"},{\"@type\":\"Organization\",\"@id\":\"https:\/\/estatutodelartista.com\/ca#organization\",\"name\":\"Estatuto del Artista\",\"url\":\"https:\/\/estatutodelartista.com\/ca\",\"logo\":{\"@type\":\"ImageObject\",\"inLanguage\":\"ca\",\"@id\":\"https:\/\/estatutodelartista.com\/ca#\/schema\/logo\/image\/\",\"url\":\"https:\/\/estatutodelartista.com\/wp-content\/uploads\/2024\/03\/EDA-LOGO-rojo.svg\",\"contentUrl\":\"https:\/\/estatutodelartista.com\/wp-content\/uploads\/2024\/03\/EDA-LOGO-rojo.svg\",\"width\":300,\"height\":300,\"caption\":\"Estatuto del Artista\"},\"image\":{\"@id\":\"https:\/\/estatutodelartista.com\/ca#\/schema\/logo\/image\/\"},\"sameAs\":[\"https:\/\/www.youtube.com\/channel\/UCkmRiNakmIVJ36IQkwouSGw\",\"https:\/\/www.instagram.com\/conarte_artistas\/\"]}]}<\/script>\n<!-- \/ Yoast SEO plugin. -->","yoast_head_json":{"title":"Per qu\u00e8 \u00e9s necessari - Estatuto del Artista - ConArte","robots":{"index":"index","follow":"follow","max-snippet":"max-snippet:-1","max-image-preview":"max-image-preview:large","max-video-preview":"max-video-preview:-1"},"canonical":"https:\/\/estatutodelartista.com\/ca\/per-que-es-necessari","og_locale":"ca_ES","og_type":"article","og_title":"Per qu\u00e8 \u00e9s necessari - Estatuto del Artista - ConArte","og_description":"Per qu\u00e8 \u00e9s NECESSARI? La cultura \u00e9s all\u00f2 que estudiarien uns extraterrestres si volguessin saber alguna cosa de nosaltres. Imagina&#8217;t si \u00e9s important! \u00a0 El treball d&#8217;un artista sempre \u00e9s: irregular insegur imprevisible intermitent quant a ingressos, precari, amb jornades de treball diferents de la majoria de les professions. Aix\u00f2 comporta m\u00e9s dificultat per accedir [&hellip;]","og_url":"https:\/\/estatutodelartista.com\/ca\/per-que-es-necessari","og_site_name":"Estatuto del Artista - ConArte","article_publisher":"https:\/\/www.youtube.com\/channel\/UCkmRiNakmIVJ36IQkwouSGw","article_modified_time":"2024-10-18T12:21:09+00:00","og_image":[{"width":516,"height":456,"url":"https:\/\/estatutodelartista.com\/wp-content\/uploads\/2024\/03\/porque-img01.png","type":"image\/png"}],"twitter_card":"summary_large_image","twitter_misc":{"Temps estimat de lectura":"2 minuts"},"schema":{"@context":"https:\/\/schema.org","@graph":[{"@type":"WebPage","@id":"https:\/\/estatutodelartista.com\/ca\/per-que-es-necessari","url":"https:\/\/estatutodelartista.com\/ca\/per-que-es-necessari","name":"Per qu\u00e8 \u00e9s necessari - Estatuto del Artista - ConArte","isPartOf":{"@id":"https:\/\/estatutodelartista.com\/ca#website"},"primaryImageOfPage":{"@id":"https:\/\/estatutodelartista.com\/ca\/per-que-es-necessari#primaryimage"},"image":{"@id":"https:\/\/estatutodelartista.com\/ca\/per-que-es-necessari#primaryimage"},"thumbnailUrl":"https:\/\/estatutodelartista.com\/wp-content\/uploads\/2024\/03\/porque-img01.png","datePublished":"2024-03-15T00:21:42+00:00","dateModified":"2024-10-18T12:21:09+00:00","breadcrumb":{"@id":"https:\/\/estatutodelartista.com\/ca\/per-que-es-necessari#breadcrumb"},"inLanguage":"ca","potentialAction":[{"@type":"ReadAction","target":["https:\/\/estatutodelartista.com\/ca\/per-que-es-necessari"]}]},{"@type":"ImageObject","inLanguage":"ca","@id":"https:\/\/estatutodelartista.com\/ca\/per-que-es-necessari#primaryimage","url":"https:\/\/estatutodelartista.com\/wp-content\/uploads\/2024\/03\/porque-img01.png","contentUrl":"https:\/\/estatutodelartista.com\/wp-content\/uploads\/2024\/03\/porque-img01.png"},{"@type":"BreadcrumbList","@id":"https:\/\/estatutodelartista.com\/ca\/per-que-es-necessari#breadcrumb","itemListElement":[{"@type":"ListItem","position":1,"name":"Portada","item":"https:\/\/estatutodelartista.com\/ca"},{"@type":"ListItem","position":2,"name":"Per qu\u00e8 \u00e9s necessari"}]},{"@type":"WebSite","@id":"https:\/\/estatutodelartista.com\/ca#website","url":"https:\/\/estatutodelartista.com\/ca","name":"Estatuto del Artista","description":"La web dedicada al Estatuto del Artista - ConArte","publisher":{"@id":"https:\/\/estatutodelartista.com\/ca#organization"},"potentialAction":[{"@type":"SearchAction","target":{"@type":"EntryPoint","urlTemplate":"https:\/\/estatutodelartista.com\/ca?s={search_term_string}"},"query-input":{"@type":"PropertyValueSpecification","valueRequired":true,"valueName":"search_term_string"}}],"inLanguage":"ca"},{"@type":"Organization","@id":"https:\/\/estatutodelartista.com\/ca#organization","name":"Estatuto del Artista","url":"https:\/\/estatutodelartista.com\/ca","logo":{"@type":"ImageObject","inLanguage":"ca","@id":"https:\/\/estatutodelartista.com\/ca#\/schema\/logo\/image\/","url":"https:\/\/estatutodelartista.com\/wp-content\/uploads\/2024\/03\/EDA-LOGO-rojo.svg","contentUrl":"https:\/\/estatutodelartista.com\/wp-content\/uploads\/2024\/03\/EDA-LOGO-rojo.svg","width":300,"height":300,"caption":"Estatuto del Artista"},"image":{"@id":"https:\/\/estatutodelartista.com\/ca#\/schema\/logo\/image\/"},"sameAs":["https:\/\/www.youtube.com\/channel\/UCkmRiNakmIVJ36IQkwouSGw","https:\/\/www.instagram.com\/conarte_artistas\/"]}]}},"_links":{"self":[{"href":"https:\/\/estatutodelartista.com\/ca\/wp-json\/wp\/v2\/pages\/987","targetHints":{"allow":["GET"]}}],"collection":[{"href":"https:\/\/estatutodelartista.com\/ca\/wp-json\/wp\/v2\/pages"}],"about":[{"href":"https:\/\/estatutodelartista.com\/ca\/wp-json\/wp\/v2\/types\/page"}],"author":[{"embeddable":true,"href":"https:\/\/estatutodelartista.com\/ca\/wp-json\/wp\/v2\/users\/2"}],"replies":[{"embeddable":true,"href":"https:\/\/estatutodelartista.com\/ca\/wp-json\/wp\/v2\/comments?post=987"}],"version-history":[{"count":11,"href":"https:\/\/estatutodelartista.com\/ca\/wp-json\/wp\/v2\/pages\/987\/revisions"}],"predecessor-version":[{"id":1645,"href":"https:\/\/estatutodelartista.com\/ca\/wp-json\/wp\/v2\/pages\/987\/revisions\/1645"}],"wp:attachment":[{"href":"https:\/\/estatutodelartista.com\/ca\/wp-json\/wp\/v2\/media?parent=987"}],"curies":[{"name":"wp","href":"https:\/\/api.w.org\/{rel}","templated":true}]}}