{"id":1096,"date":"2024-03-15T00:21:42","date_gmt":"2024-03-15T00:21:42","guid":{"rendered":"https:\/\/estatutodelartista.com\/porque-e-necesario"},"modified":"2024-11-13T14:35:39","modified_gmt":"2024-11-13T14:35:39","slug":"porque-e-necesario","status":"publish","type":"page","link":"https:\/\/estatutodelartista.com\/gl\/porque-e-necesario","title":{"rendered":"Porque \u00e9 necesario"},"content":{"rendered":"\t\t<div data-elementor-type=\"wp-page\" data-elementor-id=\"1096\" class=\"elementor elementor-1096 elementor-553\" data-elementor-post-type=\"page\">\n\t\t\t\t<div class=\"elementor-element elementor-element-21470d2 e-flex e-con-boxed e-con e-parent\" data-id=\"21470d2\" data-element_type=\"container\" data-e-type=\"container\">\n\t\t\t\t\t<div class=\"e-con-inner\">\n\t\t<div class=\"elementor-element elementor-element-c3a9eab e-con-full e-flex e-con e-child\" data-id=\"c3a9eab\" data-element_type=\"container\" data-e-type=\"container\" data-settings=\"{&quot;background_background&quot;:&quot;classic&quot;}\">\n\t\t\t\t<div class=\"elementor-element elementor-element-800a063 elementor-widget elementor-widget-heading\" data-id=\"800a063\" data-element_type=\"widget\" data-e-type=\"widget\" data-widget_type=\"heading.default\">\n\t\t\t\t<div class=\"elementor-widget-container\">\n\t\t\t\t\t<h2 class=\"elementor-heading-title elementor-size-default\">Por que \u00e9<\/h2>\t\t\t\t<\/div>\n\t\t\t\t<\/div>\n\t\t\t\t<div class=\"elementor-element elementor-element-6bee6e8 rayaverde animated-fast elementor-invisible elementor-widget elementor-widget-heading\" data-id=\"6bee6e8\" data-element_type=\"widget\" data-e-type=\"widget\" data-settings=\"{&quot;_animation&quot;:&quot;fadeInDown&quot;}\" data-widget_type=\"heading.default\">\n\t\t\t\t<div class=\"elementor-widget-container\">\n\t\t\t\t\t<h2 class=\"elementor-heading-title elementor-size-default\">NECESARIO?<\/h2>\t\t\t\t<\/div>\n\t\t\t\t<\/div>\n\t\t\t\t<div class=\"elementor-element elementor-element-27e73d9 elementor-widget elementor-widget-text-editor\" data-id=\"27e73d9\" data-element_type=\"widget\" data-e-type=\"widget\" data-widget_type=\"text-editor.default\">\n\t\t\t\t<div class=\"elementor-widget-container\">\n\t\t\t\t\t\t\t\t\t<p>A cultura \u00e9 o que estudar\u00edan os extraterrestres se quixesen saber algo de n\u00f3s. Imaxina se \u00e9 importante!<\/p><\/p>\n\t\t\t\t\t\t\t\t<\/div>\n\t\t\t\t<\/div>\n\t\t\t\t<\/div>\n\t\t<div class=\"elementor-element elementor-element-2bc2c5e e-con-full e-flex e-con e-child\" data-id=\"2bc2c5e\" data-element_type=\"container\" data-e-type=\"container\" data-settings=\"{&quot;background_background&quot;:&quot;classic&quot;}\">\n\t\t\t\t<div class=\"elementor-element elementor-element-a51b7fe elementor-widget elementor-widget-spacer\" data-id=\"a51b7fe\" data-element_type=\"widget\" data-e-type=\"widget\" data-widget_type=\"spacer.default\">\n\t\t\t\t<div class=\"elementor-widget-container\">\n\t\t\t\t\t\t\t<div class=\"elementor-spacer\">\n\t\t\t<div class=\"elementor-spacer-inner\"><\/div>\n\t\t<\/div>\n\t\t\t\t\t\t<\/div>\n\t\t\t\t<\/div>\n\t\t\t\t<div class=\"elementor-element elementor-element-9bd84e4 e-transform elementor-widget elementor-widget-image\" data-id=\"9bd84e4\" data-element_type=\"widget\" data-e-type=\"widget\" data-settings=\"{&quot;_transform_flipX_effect&quot;:&quot;transform&quot;}\" data-widget_type=\"image.default\">\n\t\t\t\t<div class=\"elementor-widget-container\">\n\t\t\t\t\t\t\t\t\t\t\t\t\t\t\t<img fetchpriority=\"high\" decoding=\"async\" width=\"516\" height=\"456\" src=\"https:\/\/estatutodelartista.com\/wp-content\/uploads\/2024\/03\/porque-img01.png\" class=\"attachment-large size-large wp-image-574\" alt=\"ConArte presenta el Estatuto del Artista. Artistas con derechos\" srcset=\"https:\/\/estatutodelartista.com\/wp-content\/uploads\/2024\/03\/porque-img01.png 516w, https:\/\/estatutodelartista.com\/wp-content\/uploads\/2024\/03\/porque-img01-300x265.png 300w\" sizes=\"(max-width: 516px) 100vw, 516px\" \/>\t\t\t\t\t\t\t\t\t\t\t\t\t\t\t<\/div>\n\t\t\t\t<\/div>\n\t\t\t\t<\/div>\n\t\t\t\t\t<\/div>\n\t\t\t\t<\/div>\n\t\t<div class=\"elementor-element elementor-element-d06ff9a e-flex e-con-boxed e-con e-parent\" data-id=\"d06ff9a\" data-element_type=\"container\" data-e-type=\"container\">\n\t\t\t\t\t<div class=\"e-con-inner\">\n\t\t<div class=\"elementor-element elementor-element-96574d7 e-con-full e-flex e-con e-child\" data-id=\"96574d7\" data-element_type=\"container\" data-e-type=\"container\" data-settings=\"{&quot;background_background&quot;:&quot;classic&quot;}\">\n\t\t\t\t<div class=\"elementor-element elementor-element-4650524 elementor-invisible elementor-widget elementor-widget-heading\" data-id=\"4650524\" data-element_type=\"widget\" data-e-type=\"widget\" data-settings=\"{&quot;_animation&quot;:&quot;fadeInUp&quot;}\" data-widget_type=\"heading.default\">\n\t\t\t\t<div class=\"elementor-widget-container\">\n\t\t\t\t\t<h2 class=\"elementor-heading-title elementor-size-default\">O traballo de\n artista sempre \u00e9:<\/h2>\t\t\t\t<\/div>\n\t\t\t\t<\/div>\n\t\t\t\t<\/div>\n\t\t<div class=\"elementor-element elementor-element-1603bd3 e-con-full e-flex e-con e-child\" data-id=\"1603bd3\" data-element_type=\"container\" data-e-type=\"container\" data-settings=\"{&quot;background_background&quot;:&quot;classic&quot;}\">\n\t\t\t\t<div class=\"elementor-element elementor-element-1a7fe0d elementor-widget elementor-widget-spacer\" data-id=\"1a7fe0d\" data-element_type=\"widget\" data-e-type=\"widget\" data-widget_type=\"spacer.default\">\n\t\t\t\t<div class=\"elementor-widget-container\">\n\t\t\t\t\t\t\t<div class=\"elementor-spacer\">\n\t\t\t<div class=\"elementor-spacer-inner\"><\/div>\n\t\t<\/div>\n\t\t\t\t\t\t<\/div>\n\t\t\t\t<\/div>\n\t\t\t\t<div class=\"elementor-element elementor-element-14bff45 elementor-widget elementor-widget-html\" data-id=\"14bff45\" data-element_type=\"widget\" data-e-type=\"widget\" data-widget_type=\"html.default\">\n\t\t\t\t<div class=\"elementor-widget-container\">\n\t\t\t\t\t<h4 class=\"wordCarousel\"><div>\n<!-- Use classes 2,3,4, or 5 to match the number of words -->\n<ul class=\"flip4\">\n \t<li>irregular<\/li>\n \t<li>inseguro<\/li>\n \t<li>impredicible<\/li>\n \t<li>intermitente<\/li>\n<\/ul>\n<\/div><\/h4>\t\t\t\t<\/div>\n\t\t\t\t<\/div>\n\t\t\t\t<div class=\"elementor-element elementor-element-075c90a elementor-invisible elementor-widget elementor-widget-heading\" data-id=\"075c90a\" data-element_type=\"widget\" data-e-type=\"widget\" data-settings=\"{&quot;_animation&quot;:&quot;fadeInUp&quot;}\" data-widget_type=\"heading.default\">\n\t\t\t\t<div class=\"elementor-widget-container\">\n\t\t\t\t\t<h2 class=\"elementor-heading-title elementor-size-default\">En termos de ingresos, precario, cunha xornada de traballo diferente \u00e1 da maior\u00eda das profesi\u00f3ns.<\/h2>\t\t\t\t<\/div>\n\t\t\t\t<\/div>\n\t\t\t\t<div class=\"elementor-element elementor-element-4146b0a elementor-widget elementor-widget-spacer\" data-id=\"4146b0a\" data-element_type=\"widget\" data-e-type=\"widget\" data-widget_type=\"spacer.default\">\n\t\t\t\t<div class=\"elementor-widget-container\">\n\t\t\t\t\t\t\t<div class=\"elementor-spacer\">\n\t\t\t<div class=\"elementor-spacer-inner\"><\/div>\n\t\t<\/div>\n\t\t\t\t\t\t<\/div>\n\t\t\t\t<\/div>\n\t\t\t\t<div class=\"elementor-element elementor-element-9cb7d3b elementor-widget elementor-widget-text-editor\" data-id=\"9cb7d3b\" data-element_type=\"widget\" data-e-type=\"widget\" data-widget_type=\"text-editor.default\">\n\t\t\t\t<div class=\"elementor-widget-container\">\n\t\t\t\t\t\t\t\t\t<p>Isto leva a unha maior dificultade de acceso ao paro, xubilaci\u00f3n e maternidade, porque a normativa non ten en conta estas diferenzas, o que dificulta moito o cumprimento dos requisitos de acceso \u00e1s medidas de protecci\u00f3n social. <\/p>\n<\/p>\n<p>Isto explica a necesidade de adaptar a normativa xeral para que os artistas creativos ou int\u00e9rpretes poidan acceder \u00e1s mesmas prestaci\u00f3ns, de xeito que todas as necesidades e demandas do sector art\u00edstico se reflictan nun novo marco legal no que se apoie os artistas, tanto creadores como int\u00e9rpretes. Mediante medidas que te\u00f1an en conta o car\u00e1cter at\u00edpico do traballador cultural, reco\u00f1ecendo a especificidade, a intermitencia, a inseguridade, a imprevisibilidade do seu traballo, as\u00ed como a irregularidade dos seus ingresos.<\/p>\n\t\t\t\t\t\t\t\t<\/div>\n\t\t\t\t<\/div>\n\t\t\t\t<\/div>\n\t\t\t\t\t<\/div>\n\t\t\t\t<\/div>\n\t\t<div class=\"elementor-element elementor-element-002d913 e-flex e-con-boxed e-con e-parent\" data-id=\"002d913\" data-element_type=\"container\" data-e-type=\"container\" data-settings=\"{&quot;background_background&quot;:&quot;classic&quot;}\">\n\t\t\t\t\t<div class=\"e-con-inner\">\n\t\t<div class=\"elementor-element elementor-element-72d6b29 e-con-full e-flex e-con e-child\" data-id=\"72d6b29\" data-element_type=\"container\" data-e-type=\"container\" data-settings=\"{&quot;background_background&quot;:&quot;classic&quot;}\">\n\t\t\t\t<\/div>\n\t\t<div class=\"elementor-element elementor-element-0552886 e-con-full e-flex e-con e-child\" data-id=\"0552886\" data-element_type=\"container\" data-e-type=\"container\" data-settings=\"{&quot;background_background&quot;:&quot;classic&quot;}\">\n\t\t\t\t<div class=\"elementor-element elementor-element-cfe16a2 elementor-widget elementor-widget-spacer\" data-id=\"cfe16a2\" data-element_type=\"widget\" data-e-type=\"widget\" data-widget_type=\"spacer.default\">\n\t\t\t\t<div class=\"elementor-widget-container\">\n\t\t\t\t\t\t\t<div class=\"elementor-spacer\">\n\t\t\t<div class=\"elementor-spacer-inner\"><\/div>\n\t\t<\/div>\n\t\t\t\t\t\t<\/div>\n\t\t\t\t<\/div>\n\t\t\t\t<div class=\"elementor-element elementor-element-0f0a38d animated-fast elementor-invisible elementor-widget elementor-widget-heading\" data-id=\"0f0a38d\" data-element_type=\"widget\" data-e-type=\"widget\" data-settings=\"{&quot;_animation&quot;:&quot;fadeInDown&quot;}\" data-widget_type=\"heading.default\">\n\t\t\t\t<div class=\"elementor-widget-container\">\n\t\t\t\t\t<h2 class=\"elementor-heading-title elementor-size-default\">Para iso \u00e9 preciso adaptar a normativa xeral do resto dos traballadores \u00e1s caracter\u00edsticas singulares dos traballadores culturais.<\/h2>\t\t\t\t<\/div>\n\t\t\t\t<\/div>\n\t\t\t\t<div class=\"elementor-element elementor-element-aacfc81 elementor-widget elementor-widget-text-editor\" data-id=\"aacfc81\" data-element_type=\"widget\" data-e-type=\"widget\" data-widget_type=\"text-editor.default\">\n\t\t\t\t<div class=\"elementor-widget-container\">\n\t\t\t\t\t\t\t\t\t<p>A pandemia deixou patente non s\u00f3 a precariedade do sector cultural sen\u00f3n tam\u00e9n a s\u00faa dif\u00edcil adaptaci\u00f3n \u00e1 lexislaci\u00f3n laboral e fiscal, que non tivo en conta as particularidades dun traballo que combina per\u00edodos de alta actividade e meses sen el.<\/p>\n\t\t\t\t\t\t\t\t<\/div>\n\t\t\t\t<\/div>\n\t\t\t\t<div class=\"elementor-element elementor-element-49d6014 elementor-widget elementor-widget-spacer\" data-id=\"49d6014\" data-element_type=\"widget\" data-e-type=\"widget\" data-widget_type=\"spacer.default\">\n\t\t\t\t<div class=\"elementor-widget-container\">\n\t\t\t\t\t\t\t<div class=\"elementor-spacer\">\n\t\t\t<div class=\"elementor-spacer-inner\"><\/div>\n\t\t<\/div>\n\t\t\t\t\t\t<\/div>\n\t\t\t\t<\/div>\n\t\t\t\t<\/div>\n\t\t\t\t\t<\/div>\n\t\t\t\t<\/div>\n\t\t\t\t<\/div>\n\t\t","protected":false},"excerpt":{"rendered":"<p>Por que \u00e9 NECESARIO? A cultura \u00e9 o que estudar\u00edan os extraterrestres se quixesen saber algo de n\u00f3s. Imaxina se \u00e9 importante! O traballo de artista sempre \u00e9: irregular inseguro impredicible intermitente En termos de ingresos, precario, cunha xornada de traballo diferente \u00e1 da maior\u00eda das profesi\u00f3ns. Isto leva a unha maior dificultade de acceso [&hellip;]<\/p>\n","protected":false},"author":2,"featured_media":0,"parent":0,"menu_order":0,"comment_status":"closed","ping_status":"closed","template":"elementor_header_footer","meta":{"footnotes":""},"class_list":["post-1096","page","type-page","status-publish","hentry"],"yoast_head":"<!-- This site is optimized with the Yoast SEO plugin v27.1.1 - https:\/\/yoast.com\/product\/yoast-seo-wordpress\/ -->\n<title>Porque \u00e9 necesario - Estatuto del Artista - ConArte<\/title>\n<meta name=\"robots\" content=\"index, follow, max-snippet:-1, max-image-preview:large, max-video-preview:-1\" \/>\n<link rel=\"canonical\" href=\"https:\/\/estatutodelartista.com\/gl\/porque-e-necesario\" \/>\n<meta property=\"og:locale\" content=\"gl_ES\" \/>\n<meta property=\"og:type\" content=\"article\" \/>\n<meta property=\"og:title\" content=\"Porque \u00e9 necesario - Estatuto del Artista - ConArte\" \/>\n<meta property=\"og:description\" content=\"Por que \u00e9 NECESARIO? A cultura \u00e9 o que estudar\u00edan os extraterrestres se quixesen saber algo de n\u00f3s. Imaxina se \u00e9 importante! O traballo de artista sempre \u00e9: irregular inseguro impredicible intermitente En termos de ingresos, precario, cunha xornada de traballo diferente \u00e1 da maior\u00eda das profesi\u00f3ns. Isto leva a unha maior dificultade de acceso [&hellip;]\" \/>\n<meta property=\"og:url\" content=\"https:\/\/estatutodelartista.com\/gl\/porque-e-necesario\" \/>\n<meta property=\"og:site_name\" content=\"Estatuto del Artista - ConArte\" \/>\n<meta property=\"article:publisher\" content=\"https:\/\/www.youtube.com\/channel\/UCkmRiNakmIVJ36IQkwouSGw\" \/>\n<meta property=\"article:modified_time\" content=\"2024-11-13T14:35:39+00:00\" \/>\n<meta property=\"og:image\" content=\"https:\/\/estatutodelartista.com\/wp-content\/uploads\/2024\/03\/porque-img01.png\" \/>\n\t<meta property=\"og:image:width\" content=\"516\" \/>\n\t<meta property=\"og:image:height\" content=\"456\" \/>\n\t<meta property=\"og:image:type\" content=\"image\/png\" \/>\n<meta name=\"twitter:card\" content=\"summary_large_image\" \/>\n<meta name=\"twitter:label1\" content=\"Tempo de lectura\" \/>\n\t<meta name=\"twitter:data1\" content=\"2 minutos\" \/>\n<script type=\"application\/ld+json\" class=\"yoast-schema-graph\">{\"@context\":\"https:\/\/schema.org\",\"@graph\":[{\"@type\":\"WebPage\",\"@id\":\"https:\/\/estatutodelartista.com\/gl\/porque-e-necesario\",\"url\":\"https:\/\/estatutodelartista.com\/gl\/porque-e-necesario\",\"name\":\"Porque \u00e9 necesario - Estatuto del Artista - ConArte\",\"isPartOf\":{\"@id\":\"https:\/\/estatutodelartista.com\/gl#website\"},\"primaryImageOfPage\":{\"@id\":\"https:\/\/estatutodelartista.com\/gl\/porque-e-necesario#primaryimage\"},\"image\":{\"@id\":\"https:\/\/estatutodelartista.com\/gl\/porque-e-necesario#primaryimage\"},\"thumbnailUrl\":\"https:\/\/estatutodelartista.com\/wp-content\/uploads\/2024\/03\/porque-img01.png\",\"datePublished\":\"2024-03-15T00:21:42+00:00\",\"dateModified\":\"2024-11-13T14:35:39+00:00\",\"breadcrumb\":{\"@id\":\"https:\/\/estatutodelartista.com\/gl\/porque-e-necesario#breadcrumb\"},\"inLanguage\":\"gl-ES\",\"potentialAction\":[{\"@type\":\"ReadAction\",\"target\":[\"https:\/\/estatutodelartista.com\/gl\/porque-e-necesario\"]}]},{\"@type\":\"ImageObject\",\"inLanguage\":\"gl-ES\",\"@id\":\"https:\/\/estatutodelartista.com\/gl\/porque-e-necesario#primaryimage\",\"url\":\"https:\/\/estatutodelartista.com\/wp-content\/uploads\/2024\/03\/porque-img01.png\",\"contentUrl\":\"https:\/\/estatutodelartista.com\/wp-content\/uploads\/2024\/03\/porque-img01.png\"},{\"@type\":\"BreadcrumbList\",\"@id\":\"https:\/\/estatutodelartista.com\/gl\/porque-e-necesario#breadcrumb\",\"itemListElement\":[{\"@type\":\"ListItem\",\"position\":1,\"name\":\"Portada\",\"item\":\"https:\/\/estatutodelartista.com\/gl\"},{\"@type\":\"ListItem\",\"position\":2,\"name\":\"Porque \u00e9 necesario\"}]},{\"@type\":\"WebSite\",\"@id\":\"https:\/\/estatutodelartista.com\/gl#website\",\"url\":\"https:\/\/estatutodelartista.com\/gl\",\"name\":\"Estatuto del Artista\",\"description\":\"La web dedicada al Estatuto del Artista - ConArte\",\"publisher\":{\"@id\":\"https:\/\/estatutodelartista.com\/gl#organization\"},\"potentialAction\":[{\"@type\":\"SearchAction\",\"target\":{\"@type\":\"EntryPoint\",\"urlTemplate\":\"https:\/\/estatutodelartista.com\/gl?s={search_term_string}\"},\"query-input\":{\"@type\":\"PropertyValueSpecification\",\"valueRequired\":true,\"valueName\":\"search_term_string\"}}],\"inLanguage\":\"gl-ES\"},{\"@type\":\"Organization\",\"@id\":\"https:\/\/estatutodelartista.com\/gl#organization\",\"name\":\"Estatuto del Artista\",\"url\":\"https:\/\/estatutodelartista.com\/gl\",\"logo\":{\"@type\":\"ImageObject\",\"inLanguage\":\"gl-ES\",\"@id\":\"https:\/\/estatutodelartista.com\/gl#\/schema\/logo\/image\/\",\"url\":\"https:\/\/estatutodelartista.com\/wp-content\/uploads\/2024\/03\/EDA-LOGO-rojo.svg\",\"contentUrl\":\"https:\/\/estatutodelartista.com\/wp-content\/uploads\/2024\/03\/EDA-LOGO-rojo.svg\",\"width\":300,\"height\":300,\"caption\":\"Estatuto del Artista\"},\"image\":{\"@id\":\"https:\/\/estatutodelartista.com\/gl#\/schema\/logo\/image\/\"},\"sameAs\":[\"https:\/\/www.youtube.com\/channel\/UCkmRiNakmIVJ36IQkwouSGw\",\"https:\/\/www.instagram.com\/conarte_artistas\/\"]}]}<\/script>\n<!-- \/ Yoast SEO plugin. -->","yoast_head_json":{"title":"Porque \u00e9 necesario - Estatuto del Artista - ConArte","robots":{"index":"index","follow":"follow","max-snippet":"max-snippet:-1","max-image-preview":"max-image-preview:large","max-video-preview":"max-video-preview:-1"},"canonical":"https:\/\/estatutodelartista.com\/gl\/porque-e-necesario","og_locale":"gl_ES","og_type":"article","og_title":"Porque \u00e9 necesario - Estatuto del Artista - ConArte","og_description":"Por que \u00e9 NECESARIO? A cultura \u00e9 o que estudar\u00edan os extraterrestres se quixesen saber algo de n\u00f3s. Imaxina se \u00e9 importante! O traballo de artista sempre \u00e9: irregular inseguro impredicible intermitente En termos de ingresos, precario, cunha xornada de traballo diferente \u00e1 da maior\u00eda das profesi\u00f3ns. Isto leva a unha maior dificultade de acceso [&hellip;]","og_url":"https:\/\/estatutodelartista.com\/gl\/porque-e-necesario","og_site_name":"Estatuto del Artista - ConArte","article_publisher":"https:\/\/www.youtube.com\/channel\/UCkmRiNakmIVJ36IQkwouSGw","article_modified_time":"2024-11-13T14:35:39+00:00","og_image":[{"width":516,"height":456,"url":"https:\/\/estatutodelartista.com\/wp-content\/uploads\/2024\/03\/porque-img01.png","type":"image\/png"}],"twitter_card":"summary_large_image","twitter_misc":{"Tempo de lectura":"2 minutos"},"schema":{"@context":"https:\/\/schema.org","@graph":[{"@type":"WebPage","@id":"https:\/\/estatutodelartista.com\/gl\/porque-e-necesario","url":"https:\/\/estatutodelartista.com\/gl\/porque-e-necesario","name":"Porque \u00e9 necesario - Estatuto del Artista - ConArte","isPartOf":{"@id":"https:\/\/estatutodelartista.com\/gl#website"},"primaryImageOfPage":{"@id":"https:\/\/estatutodelartista.com\/gl\/porque-e-necesario#primaryimage"},"image":{"@id":"https:\/\/estatutodelartista.com\/gl\/porque-e-necesario#primaryimage"},"thumbnailUrl":"https:\/\/estatutodelartista.com\/wp-content\/uploads\/2024\/03\/porque-img01.png","datePublished":"2024-03-15T00:21:42+00:00","dateModified":"2024-11-13T14:35:39+00:00","breadcrumb":{"@id":"https:\/\/estatutodelartista.com\/gl\/porque-e-necesario#breadcrumb"},"inLanguage":"gl-ES","potentialAction":[{"@type":"ReadAction","target":["https:\/\/estatutodelartista.com\/gl\/porque-e-necesario"]}]},{"@type":"ImageObject","inLanguage":"gl-ES","@id":"https:\/\/estatutodelartista.com\/gl\/porque-e-necesario#primaryimage","url":"https:\/\/estatutodelartista.com\/wp-content\/uploads\/2024\/03\/porque-img01.png","contentUrl":"https:\/\/estatutodelartista.com\/wp-content\/uploads\/2024\/03\/porque-img01.png"},{"@type":"BreadcrumbList","@id":"https:\/\/estatutodelartista.com\/gl\/porque-e-necesario#breadcrumb","itemListElement":[{"@type":"ListItem","position":1,"name":"Portada","item":"https:\/\/estatutodelartista.com\/gl"},{"@type":"ListItem","position":2,"name":"Porque \u00e9 necesario"}]},{"@type":"WebSite","@id":"https:\/\/estatutodelartista.com\/gl#website","url":"https:\/\/estatutodelartista.com\/gl","name":"Estatuto del Artista","description":"La web dedicada al Estatuto del Artista - ConArte","publisher":{"@id":"https:\/\/estatutodelartista.com\/gl#organization"},"potentialAction":[{"@type":"SearchAction","target":{"@type":"EntryPoint","urlTemplate":"https:\/\/estatutodelartista.com\/gl?s={search_term_string}"},"query-input":{"@type":"PropertyValueSpecification","valueRequired":true,"valueName":"search_term_string"}}],"inLanguage":"gl-ES"},{"@type":"Organization","@id":"https:\/\/estatutodelartista.com\/gl#organization","name":"Estatuto del Artista","url":"https:\/\/estatutodelartista.com\/gl","logo":{"@type":"ImageObject","inLanguage":"gl-ES","@id":"https:\/\/estatutodelartista.com\/gl#\/schema\/logo\/image\/","url":"https:\/\/estatutodelartista.com\/wp-content\/uploads\/2024\/03\/EDA-LOGO-rojo.svg","contentUrl":"https:\/\/estatutodelartista.com\/wp-content\/uploads\/2024\/03\/EDA-LOGO-rojo.svg","width":300,"height":300,"caption":"Estatuto del Artista"},"image":{"@id":"https:\/\/estatutodelartista.com\/gl#\/schema\/logo\/image\/"},"sameAs":["https:\/\/www.youtube.com\/channel\/UCkmRiNakmIVJ36IQkwouSGw","https:\/\/www.instagram.com\/conarte_artistas\/"]}]}},"_links":{"self":[{"href":"https:\/\/estatutodelartista.com\/gl\/wp-json\/wp\/v2\/pages\/1096","targetHints":{"allow":["GET"]}}],"collection":[{"href":"https:\/\/estatutodelartista.com\/gl\/wp-json\/wp\/v2\/pages"}],"about":[{"href":"https:\/\/estatutodelartista.com\/gl\/wp-json\/wp\/v2\/types\/page"}],"author":[{"embeddable":true,"href":"https:\/\/estatutodelartista.com\/gl\/wp-json\/wp\/v2\/users\/2"}],"replies":[{"embeddable":true,"href":"https:\/\/estatutodelartista.com\/gl\/wp-json\/wp\/v2\/comments?post=1096"}],"version-history":[{"count":7,"href":"https:\/\/estatutodelartista.com\/gl\/wp-json\/wp\/v2\/pages\/1096\/revisions"}],"predecessor-version":[{"id":1749,"href":"https:\/\/estatutodelartista.com\/gl\/wp-json\/wp\/v2\/pages\/1096\/revisions\/1749"}],"wp:attachment":[{"href":"https:\/\/estatutodelartista.com\/gl\/wp-json\/wp\/v2\/media?parent=1096"}],"curies":[{"name":"wp","href":"https:\/\/api.w.org\/{rel}","templated":true}]}}