{"id":990,"date":"2023-12-27T20:02:49","date_gmt":"2023-12-27T20:02:49","guid":{"rendered":"https:\/\/estatutodelartista.com\/aviso-legal"},"modified":"2024-05-21T13:35:45","modified_gmt":"2024-05-21T13:35:45","slug":"aviso-legal","status":"publish","type":"page","link":"https:\/\/estatutodelartista.com\/gl\/aviso-legal","title":{"rendered":"Aviso legal"},"content":{"rendered":"\t\t<div data-elementor-type=\"wp-page\" data-elementor-id=\"990\" class=\"elementor elementor-990 elementor-3\" data-elementor-post-type=\"page\">\n\t\t\t\t<div class=\"elementor-element elementor-element-248f342 e-flex e-con-boxed e-con e-parent\" data-id=\"248f342\" data-element_type=\"container\" data-e-type=\"container\">\n\t\t\t\t\t<div class=\"e-con-inner\">\n\t\t\t\t<div class=\"elementor-element elementor-element-ac327a0 elementor-widget elementor-widget-heading\" data-id=\"ac327a0\" data-element_type=\"widget\" data-e-type=\"widget\" data-widget_type=\"heading.default\">\n\t\t\t\t<div class=\"elementor-widget-container\">\n\t\t\t\t\t<h2 class=\"elementor-heading-title elementor-size-default\">Aviso legal<\/h2>\t\t\t\t<\/div>\n\t\t\t\t<\/div>\n\t\t\t\t\t<\/div>\n\t\t\t\t<\/div>\n\t\t<div class=\"elementor-element elementor-element-64dda0df e-flex e-con-boxed e-con e-parent\" data-id=\"64dda0df\" data-element_type=\"container\" data-e-type=\"container\">\n\t\t\t\t\t<div class=\"e-con-inner\">\n\t\t\t\t<div class=\"elementor-element elementor-element-4d1214e2 elementor-widget elementor-widget-text-editor\" data-id=\"4d1214e2\" data-element_type=\"widget\" data-e-type=\"widget\" data-widget_type=\"text-editor.default\">\n\t\t\t\t<div class=\"elementor-widget-container\">\n\t\t\t\t\t\t\t\t\t\n<h2 class=\"wp-block-heading\">AVISO LEGAL E CONDICI\u00d3NS XERAIS DE USO<\/h2>\n<h4 class=\"wp-block-heading\">Estatutpdelartista.com<\/h4>\n<h3 class=\"wp-block-heading\">I. INFORMACI\u00d3N XERAL<\/h3>\n<p>En cumprimento do deber de informaci\u00f3n previsto na Lei 34\/2002 de Servizos da Sociedade da Informaci\u00f3n e de Comercio Electr\u00f3nico (LSSI-CE), do 11 de xullo, a continuaci\u00f3n ind\u00edcanse os seguintes datos de informaci\u00f3n xeral nesta web:<\/p>\n<p>A titularidade deste sitio web, confederaci\u00f3ndeartistas.org, (en diante, Web) corresp\u00f3ndelle a: Confederaci\u00f3n de Artistas e Traballadores do espect\u00e1culo, provisto de NIF: G-86956661 e inscrito en: cos seguintes datos de rexistro: , cuxo representante \u00e9 : , e cuxa informaci\u00f3n de contacto \u00e9:<\/p>\n<p>Enderezo: C\/Lope de Rueda, 3, 1\u00ba Izquierda, 28009 Madrid, Madrid<\/p>\n<p>Tel\u00e9fono de contacto:<\/p>\n<p>Correo electr\u00f3nico de contacto:<\/p>\n<h3 class=\"wp-block-heading\">II. TERMOS E CONDICI\u00d3NS XERAIS DE USO<\/h3>\n<h4 class=\"wp-block-heading\">Obxecto das condici\u00f3ns: O Sitio Web<\/h4>\n<p>As presentes Condici\u00f3ns Xerais de Uso (en diante, Condici\u00f3ns) te\u00f1en como finalidade regular o acceso e uso do Sitio Web. Para os efectos destas Condici\u00f3ns, entenderase polo Sitio Web: o aspecto exterior das interfaces de pantalla, tanto est\u00e1tica como din\u00e1micamente, \u00e9 dicir, a \u00e1rbore de navegaci\u00f3n; e todos os elementos integrados tanto nas interfaces de pantalla como na \u00e1rbore de navegaci\u00f3n (en diante, Contidos) e todos aqueles servizos ou recursos en li\u00f1a que ofrece aos Usuarios (en diante, Servizos).<\/p>\n<p>ConArte res\u00e9rvase o dereito a modificar, en calquera momento e sen previo aviso, a presentaci\u00f3n e configuraci\u00f3n do Sitio Web e dos Contidos e Servizos que nel poidan incorporarse. O Usuario reco\u00f1ece e acepta que en calquera momento ConArte poder\u00e1 interromper, desactivar e\/ou cancelar calquera destes elementos que estean integrados no Sitio Web ou o acceso aos mesmos.<\/p>\n<p>O acceso ao Sitio Web por parte do Usuario \u00e9 gratu\u00edto e, por norma xeral, \u00e9 gratu\u00edto sen que o Usuario te\u00f1a que achegar ningunha compensaci\u00f3n para poder desfrutar del, salvo no relativo ao custo de conexi\u00f3n a trav\u00e9s da rede de telecomunicaci\u00f3ns que se lle proporcione provedor que o Usuario te\u00f1a contratado.<\/p>\n<p>O uso dos Contidos non precisa de subscrici\u00f3n ou rexistro previo.<\/p>\n<h4 class=\"wp-block-heading\">O usuario<\/h4>\n<p>O acceso, navegaci\u00f3n e uso do Sitio Web confire a condici\u00f3n de Usuario, polo que acepta, desde o momento en que comeza a navegar polo Sitio Web, todas as Condici\u00f3ns aqu\u00ed establecidas, as\u00ed como as s\u00faas posteriores modificaci\u00f3ns, sen prexu\u00edzo da aplicaci\u00f3n das obrigatorias legais correspondentes. normativa segundo o caso. Dada a relevancia do anterior, recom\u00e9ndase ao Usuario a s\u00faa lectura cada vez que visite o Sitio Web.<\/p>\n<p>O sitio web de ConArte ofrece unha gran variedade de informaci\u00f3n, servizos e datos. O Usuario asume a responsabilidade do correcto uso do Sitio Web. Esta responsabilidade estenderase a:<\/p>\n<ul>\n<li>Un uso da informaci\u00f3n, Contidos e\/ou Servizos e datos ofrecidos por ConArte sen que sexa contrario ao disposto nestas Condici\u00f3ns, a Lei, a moral ou a orde p\u00fablica, ou que de calquera outra forma poida supo\u00f1er lesi\u00f3n de dereitos de terceiros ou o funcionamento do propio sitio web.<\/li>\n<li>A veracidade e licitude da informaci\u00f3n facilitada polo Usuario nos formularios expedidos por ConArte para o acceso a determinados Contidos ou Servizos ofrecidos polo Sitio Web. En todo caso, o Usuario comunicar\u00e1 inmediatamente a ConArte calquera feito que permita o uso indebido da informaci\u00f3n rexistrada nos devanditos formularios, como, pero non s\u00f3, o roubo, extrav\u00edo ou acceso non autorizado a identificadores e\/ou contrasinais, co fin de para proceder \u00e1 s\u00faa cancelaci\u00f3n inmediata.<\/li>\n<\/ul>\n<p>O mero acceso a esta Web non implica o establecemento de ning\u00fan tipo de relaci\u00f3n comercial entre ConArte e o Usuario.<\/p>\n<p>O Usuario declara ser maior de idade e ter capacidade xur\u00eddica suficiente para estar obrigado polas presentes Condici\u00f3ns. Polo tanto, este sitio web de ConArte non est\u00e1 dirixido a menores. ConArte declina calquera responsabilidade polo incumprimento deste requisito.<\/p>\n<p>O Sitio Web est\u00e1 dirixido principalmente a Usuarios residentes en Espa\u00f1a. ConArte non garante que o sitio web cumpra coas leis doutros pa\u00edses, nin total nin parcialmente. Se o Usuario reside ou est\u00e1 domiciliado noutro lugar e decide acceder e\/ou navegar polo Sitio Web, farao baixo a s\u00faa propia responsabilidade apl\u00edcase a el, e ConArte non se fai responsable de ningunha responsabilidade que poida derivarse do devandito acceso.<\/p>\n<h3 class=\"wp-block-heading\">III. ACCESO E NAVEGACI\u00d3N NO SITIO WEB: EXCLUSI\u00d3N DE GARANT\u00cdAS E RESPONSABILIDADE<\/h3>\n<p>ConArte non garante a continuidade, dispo\u00f1ibilidade e utilidade do Sitio Web, nin dos Contidos ou Servizos. ConArte far\u00e1 todo o posible para garantir o bo funcionamento do Sitio Web, non obstante, non se fai responsable nin garante que o acceso a este Sitio Web non sexa ininterrompido ou que estea libre de erros.<\/p>\n<p>Tampouco se responsabiliza nin se garante que os contidos ou software ao que se pode acceder a trav\u00e9s deste Sitio Web estean libres de erros ou causen danos no sistema inform\u00e1tico (software e hardware) do Usuario. En ning\u00fan caso ConArte ser\u00e1 responsable das perdas, danos ou prexu\u00edzos de calquera tipo derivados do acceso, navegaci\u00f3n e uso do Sitio Web, inclu\u00eddos, entre outros, os ocasionados aos sistemas inform\u00e1ticos ou os ocasionados pola introduci\u00f3n de virus.<\/p>\n<p>ConArte tampouco se fai responsable dos danos que se poidan ocasionar aos usuarios polo uso indebido deste sitio web. En particular, non se fai responsable de ning\u00fan xeito das ca\u00eddas, interrupci\u00f3ns, faltas ou defectos das telecomunicaci\u00f3ns que se poidan producir.<\/p>\n<h3 class=\"wp-block-heading\">IV. POL\u00cdTICA DE ENLACE<\/h3>\n<p>Inf\u00f3rmase de que o Sitio Web de ConArte pon ou pode po\u00f1er a disposici\u00f3n dos Usuarios medios de ligaz\u00f3n (como, entre outros, ligaz\u00f3ns, banners, bot\u00f3ns), directorios e buscadores que permiten aos Usuarios acceder a sitios web pertencentes e\/ou xestionados por terceiros. .<\/p>\n<p>A instalaci\u00f3n destes enlaces, directorios e buscadores no Sitio Web ten como finalidade facilitar aos Usuarios a busca e o acceso \u00e1 informaci\u00f3n dispo\u00f1ible en Internet, sen que se considere unha suxesti\u00f3n, recomendaci\u00f3n ou invitaci\u00f3n a visitalos.<\/p>\n<p>ConArte non ofrece nin comercializa, por si mesma nin a trav\u00e9s de terceiros, os produtos e\/ou servizos dispo\u00f1ibles nos devanditos sitios enlazados.<\/p>\n<p>As\u00ed mesmo, non garantir\u00e1 a dispo\u00f1ibilidade t\u00e9cnica, exactitude, veracidade, validez ou legalidade dos sitios distintos da s\u00faa propiedade aos que se poida acceder a trav\u00e9s dos enlaces.<\/p>\n<p>En ning\u00fan caso ConArte revisar\u00e1 ou controlar\u00e1 o contido doutros sitios web, nin aproba, examina ou avala os produtos e servizos, contidos, ficheiros e calquera outro material existente nos citados sitios enlazados.<\/p>\n<p>ConArte non asume ningunha responsabilidade polos danos e prexu\u00edzos que poidan producirse polo acceso, uso, calidade ou legalidade dos contidos, comunicaci\u00f3ns, opini\u00f3ns, produtos e servizos dos sitios web non xestionados por ConArte e que estean enlazados nesta Web.<\/p>\n<p>O Usuario ou terceiro que realice un hiperv\u00ednculo desde unha p\u00e1xina web doutro sitio web diferente ao Sitio Web de ConArte debe saber que:<\/p>\n<p>Non est\u00e1 permitida a reproduci\u00f3n, total ou parcial, de ning\u00fan dos Contidos e\/ou Servizos do Sitio Web sen a autorizaci\u00f3n expresa de ConArte.<\/p>\n<p>Tampouco se permite ningunha declaraci\u00f3n falsa, inexacta ou incorrecta sobre o sitio web de ConArte, nin os seus Contidos e\/ou Servizos.<\/p>\n<p>A excepci\u00f3n do hiperenlace, o sitio web no que se estableza dito hiperenlace non conter\u00e1 ning\u00fan elemento deste sitio web, protexido como propiedade intelectual polo ordenamento xur\u00eddico espa\u00f1ol, salvo autorizaci\u00f3n expresa de ConArte.<\/p>\n<p>O establecemento do hiperenlace non implicar\u00e1 a existencia de relaci\u00f3ns entre ConArte e o propietario do sitio web desde o que se realice, nin o co\u00f1ecemento e aceptaci\u00f3n por parte de ConArte dos contidos, servizos e\/ou actividades ofertados no devandito sitio web, e viceversa. .<\/p>\n<h3 class=\"wp-block-heading\">V. PROPIEDADE INTELECTUAL E INDUSTRIAL<\/h3>\n<p>A propia ConArte ou en calidade de cesionaria, \u00e9 titular de todos os dereitos de propiedade intelectual e industrial do Sitio Web, as\u00ed como dos elementos nel contidos (a t\u00edtulo enunciativo e non exhaustivo, imaxes, son, audio, v\u00eddeo, software ou textos, marcas). ou logotipos, combinaci\u00f3ns de cores, estrutura e dese\u00f1o, selecci\u00f3n de materiais empregados, programas inform\u00e1ticos necesarios para o seu funcionamento, acceso e uso, etc.). Ser\u00e1n, polo tanto, obras protexidas como propiedade intelectual polo ordenamento xur\u00eddico espa\u00f1ol, sendolles de aplicaci\u00f3n tanto a normativa espa\u00f1ola como comunitaria neste \u00e1mbito, as\u00ed como os tratados internacionais relacionados coa materia e subscritos por Espa\u00f1a.<\/p>\n<p>Todos os dereitos reservados. En virtude do disposto na Lei de Propiedade Intelectual, quedan expresamente prohibidas a reproduci\u00f3n, distribuci\u00f3n e comunicaci\u00f3n p\u00fablica, inclu\u00edda a modalidade de posta a disposici\u00f3n, de todo ou parte dos contidos deste sitio web, con fins comerciais, en calquera soporte e por calquera medio t\u00e9cnico, sen a autorizaci\u00f3n de ConArte.<\/p>\n<p>O Usuario comprom\u00e9tese a respectar os dereitos de propiedade intelectual e industrial de ConArte. Podes visualizar os elementos do Sitio Web ou mesmo imprimilos, copialos e almacenalos no disco duro do teu ordenador ou en calquera outro soporte f\u00edsico sempre que sexa exclusivamente para o teu uso persoal. Non obstante, o Usuario non poder\u00e1 eliminar, alterar ou manipular ning\u00fan dispositivo de protecci\u00f3n ou sistema de seguridade que estivese instalado no Sitio Web.<\/p>\n<p>No caso de que o Usuario ou terceiro considere que alg\u00fan dos Contidos do Sitio Web constit\u00fae unha vulneraci\u00f3n dos dereitos de protecci\u00f3n da propiedade intelectual, deber\u00e1 comunicalo inmediatamente a ConArte a trav\u00e9s dos datos de contacto no apartado de INFORMACI\u00d3N XERAL deste Aviso de Uso.<\/p>\n<h3 class=\"wp-block-heading\">SERRO. ACCI\u00d3NS LEGAIS, LEI APLICABLE E XURISDICCI\u00d3N<\/h3>\n<p>ConArte res\u00e9rvase o dereito de presentar as acci\u00f3ns civ\u00eds ou penais que considere necesarias por un uso indebido do Sitio Web e dos Contidos, ou polo incumprimento das presentes Condici\u00f3ns.<\/p>\n<p>A relaci\u00f3n entre o Usuario e ConArte rexerase pola normativa vixente e aplicable no territorio espa\u00f1ol. De xurdir calquera controversia en relaci\u00f3n coa interpretaci\u00f3n e\/ou aplicaci\u00f3n das presentes Condici\u00f3ns, as partes someter\u00e1n os seus conflitos \u00e1 xurisdici\u00f3n ordinaria, somet\u00e9ndose aos xu\u00edces e tribunais correspondentes de conformidade coa lei.<\/p>\n\t\t\t\t\t\t\t\t<\/div>\n\t\t\t\t<\/div>\n\t\t\t\t\t<\/div>\n\t\t\t\t<\/div>\n\t\t\t\t<\/div>\n\t\t","protected":false},"excerpt":{"rendered":"<p>AVISO LEGAL E CONDICI\u00d3NS XERAIS DE USO Estatutpdelartista.com I. INFORMACI\u00d3N XERAL En cumprimento do deber de informaci\u00f3n previsto na Lei 34\/2002 de Servizos da Sociedade da Informaci\u00f3n e de Comercio Electr\u00f3nico (LSSI-CE), do 11 de xullo, a continuaci\u00f3n ind\u00edcanse os seguintes datos de informaci\u00f3n xeral nesta web: A titularidade deste sitio web, confederaci\u00f3ndeartistas.org, (en diante, [&hellip;]<\/p>\n","protected":false},"author":1,"featured_media":0,"parent":0,"menu_order":0,"comment_status":"closed","ping_status":"closed","template":"elementor_header_footer","meta":{"footnotes":""},"class_list":["post-990","page","type-page","status-publish","hentry"],"yoast_head":"<!-- This site is optimized with the Yoast SEO plugin v27.1.1 - https:\/\/yoast.com\/product\/yoast-seo-wordpress\/ -->\n<title>Aviso legal - Estatuto del Artista - ConArte<\/title>\n<meta name=\"robots\" content=\"index, follow, max-snippet:-1, max-image-preview:large, max-video-preview:-1\" \/>\n<link rel=\"canonical\" href=\"https:\/\/estatutodelartista.com\/gl\/aviso-legal\" \/>\n<meta property=\"og:locale\" content=\"gl_ES\" \/>\n<meta property=\"og:type\" content=\"article\" \/>\n<meta property=\"og:title\" content=\"Aviso legal - Estatuto del Artista - ConArte\" \/>\n<meta property=\"og:description\" content=\"AVISO LEGAL E CONDICI\u00d3NS XERAIS DE USO Estatutpdelartista.com I. INFORMACI\u00d3N XERAL En cumprimento do deber de informaci\u00f3n previsto na Lei 34\/2002 de Servizos da Sociedade da Informaci\u00f3n e de Comercio Electr\u00f3nico (LSSI-CE), do 11 de xullo, a continuaci\u00f3n ind\u00edcanse os seguintes datos de informaci\u00f3n xeral nesta web: A titularidade deste sitio web, confederaci\u00f3ndeartistas.org, (en diante, [&hellip;]\" \/>\n<meta property=\"og:url\" content=\"https:\/\/estatutodelartista.com\/gl\/aviso-legal\" \/>\n<meta property=\"og:site_name\" content=\"Estatuto del Artista - ConArte\" \/>\n<meta property=\"article:publisher\" content=\"https:\/\/www.youtube.com\/channel\/UCkmRiNakmIVJ36IQkwouSGw\" \/>\n<meta property=\"article:modified_time\" content=\"2024-05-21T13:35:45+00:00\" \/>\n<meta name=\"twitter:card\" content=\"summary_large_image\" \/>\n<meta name=\"twitter:label1\" content=\"Tempo de lectura\" \/>\n\t<meta name=\"twitter:data1\" content=\"9 minutos\" \/>\n<script type=\"application\/ld+json\" class=\"yoast-schema-graph\">{\"@context\":\"https:\/\/schema.org\",\"@graph\":[{\"@type\":\"WebPage\",\"@id\":\"https:\/\/estatutodelartista.com\/gl\/aviso-legal\",\"url\":\"https:\/\/estatutodelartista.com\/gl\/aviso-legal\",\"name\":\"Aviso legal - Estatuto del Artista - ConArte\",\"isPartOf\":{\"@id\":\"https:\/\/estatutodelartista.com\/gl#website\"},\"datePublished\":\"2023-12-27T20:02:49+00:00\",\"dateModified\":\"2024-05-21T13:35:45+00:00\",\"breadcrumb\":{\"@id\":\"https:\/\/estatutodelartista.com\/gl\/aviso-legal#breadcrumb\"},\"inLanguage\":\"gl-ES\",\"potentialAction\":[{\"@type\":\"ReadAction\",\"target\":[\"https:\/\/estatutodelartista.com\/gl\/aviso-legal\"]}]},{\"@type\":\"BreadcrumbList\",\"@id\":\"https:\/\/estatutodelartista.com\/gl\/aviso-legal#breadcrumb\",\"itemListElement\":[{\"@type\":\"ListItem\",\"position\":1,\"name\":\"Portada\",\"item\":\"https:\/\/estatutodelartista.com\/gl\"},{\"@type\":\"ListItem\",\"position\":2,\"name\":\"Aviso legal\"}]},{\"@type\":\"WebSite\",\"@id\":\"https:\/\/estatutodelartista.com\/gl#website\",\"url\":\"https:\/\/estatutodelartista.com\/gl\",\"name\":\"Estatuto del Artista\",\"description\":\"La web dedicada al Estatuto del Artista - ConArte\",\"publisher\":{\"@id\":\"https:\/\/estatutodelartista.com\/gl#organization\"},\"potentialAction\":[{\"@type\":\"SearchAction\",\"target\":{\"@type\":\"EntryPoint\",\"urlTemplate\":\"https:\/\/estatutodelartista.com\/gl?s={search_term_string}\"},\"query-input\":{\"@type\":\"PropertyValueSpecification\",\"valueRequired\":true,\"valueName\":\"search_term_string\"}}],\"inLanguage\":\"gl-ES\"},{\"@type\":\"Organization\",\"@id\":\"https:\/\/estatutodelartista.com\/gl#organization\",\"name\":\"Estatuto del Artista\",\"url\":\"https:\/\/estatutodelartista.com\/gl\",\"logo\":{\"@type\":\"ImageObject\",\"inLanguage\":\"gl-ES\",\"@id\":\"https:\/\/estatutodelartista.com\/gl#\/schema\/logo\/image\/\",\"url\":\"https:\/\/estatutodelartista.com\/wp-content\/uploads\/2024\/03\/EDA-LOGO-rojo.svg\",\"contentUrl\":\"https:\/\/estatutodelartista.com\/wp-content\/uploads\/2024\/03\/EDA-LOGO-rojo.svg\",\"width\":300,\"height\":300,\"caption\":\"Estatuto del Artista\"},\"image\":{\"@id\":\"https:\/\/estatutodelartista.com\/gl#\/schema\/logo\/image\/\"},\"sameAs\":[\"https:\/\/www.youtube.com\/channel\/UCkmRiNakmIVJ36IQkwouSGw\",\"https:\/\/www.instagram.com\/conarte_artistas\/\"]}]}<\/script>\n<!-- \/ Yoast SEO plugin. -->","yoast_head_json":{"title":"Aviso legal - Estatuto del Artista - ConArte","robots":{"index":"index","follow":"follow","max-snippet":"max-snippet:-1","max-image-preview":"max-image-preview:large","max-video-preview":"max-video-preview:-1"},"canonical":"https:\/\/estatutodelartista.com\/gl\/aviso-legal","og_locale":"gl_ES","og_type":"article","og_title":"Aviso legal - Estatuto del Artista - ConArte","og_description":"AVISO LEGAL E CONDICI\u00d3NS XERAIS DE USO Estatutpdelartista.com I. INFORMACI\u00d3N XERAL En cumprimento do deber de informaci\u00f3n previsto na Lei 34\/2002 de Servizos da Sociedade da Informaci\u00f3n e de Comercio Electr\u00f3nico (LSSI-CE), do 11 de xullo, a continuaci\u00f3n ind\u00edcanse os seguintes datos de informaci\u00f3n xeral nesta web: A titularidade deste sitio web, confederaci\u00f3ndeartistas.org, (en diante, [&hellip;]","og_url":"https:\/\/estatutodelartista.com\/gl\/aviso-legal","og_site_name":"Estatuto del Artista - ConArte","article_publisher":"https:\/\/www.youtube.com\/channel\/UCkmRiNakmIVJ36IQkwouSGw","article_modified_time":"2024-05-21T13:35:45+00:00","twitter_card":"summary_large_image","twitter_misc":{"Tempo de lectura":"9 minutos"},"schema":{"@context":"https:\/\/schema.org","@graph":[{"@type":"WebPage","@id":"https:\/\/estatutodelartista.com\/gl\/aviso-legal","url":"https:\/\/estatutodelartista.com\/gl\/aviso-legal","name":"Aviso legal - Estatuto del Artista - ConArte","isPartOf":{"@id":"https:\/\/estatutodelartista.com\/gl#website"},"datePublished":"2023-12-27T20:02:49+00:00","dateModified":"2024-05-21T13:35:45+00:00","breadcrumb":{"@id":"https:\/\/estatutodelartista.com\/gl\/aviso-legal#breadcrumb"},"inLanguage":"gl-ES","potentialAction":[{"@type":"ReadAction","target":["https:\/\/estatutodelartista.com\/gl\/aviso-legal"]}]},{"@type":"BreadcrumbList","@id":"https:\/\/estatutodelartista.com\/gl\/aviso-legal#breadcrumb","itemListElement":[{"@type":"ListItem","position":1,"name":"Portada","item":"https:\/\/estatutodelartista.com\/gl"},{"@type":"ListItem","position":2,"name":"Aviso legal"}]},{"@type":"WebSite","@id":"https:\/\/estatutodelartista.com\/gl#website","url":"https:\/\/estatutodelartista.com\/gl","name":"Estatuto del Artista","description":"La web dedicada al Estatuto del Artista - ConArte","publisher":{"@id":"https:\/\/estatutodelartista.com\/gl#organization"},"potentialAction":[{"@type":"SearchAction","target":{"@type":"EntryPoint","urlTemplate":"https:\/\/estatutodelartista.com\/gl?s={search_term_string}"},"query-input":{"@type":"PropertyValueSpecification","valueRequired":true,"valueName":"search_term_string"}}],"inLanguage":"gl-ES"},{"@type":"Organization","@id":"https:\/\/estatutodelartista.com\/gl#organization","name":"Estatuto del Artista","url":"https:\/\/estatutodelartista.com\/gl","logo":{"@type":"ImageObject","inLanguage":"gl-ES","@id":"https:\/\/estatutodelartista.com\/gl#\/schema\/logo\/image\/","url":"https:\/\/estatutodelartista.com\/wp-content\/uploads\/2024\/03\/EDA-LOGO-rojo.svg","contentUrl":"https:\/\/estatutodelartista.com\/wp-content\/uploads\/2024\/03\/EDA-LOGO-rojo.svg","width":300,"height":300,"caption":"Estatuto del Artista"},"image":{"@id":"https:\/\/estatutodelartista.com\/gl#\/schema\/logo\/image\/"},"sameAs":["https:\/\/www.youtube.com\/channel\/UCkmRiNakmIVJ36IQkwouSGw","https:\/\/www.instagram.com\/conarte_artistas\/"]}]}},"_links":{"self":[{"href":"https:\/\/estatutodelartista.com\/gl\/wp-json\/wp\/v2\/pages\/990","targetHints":{"allow":["GET"]}}],"collection":[{"href":"https:\/\/estatutodelartista.com\/gl\/wp-json\/wp\/v2\/pages"}],"about":[{"href":"https:\/\/estatutodelartista.com\/gl\/wp-json\/wp\/v2\/types\/page"}],"author":[{"embeddable":true,"href":"https:\/\/estatutodelartista.com\/gl\/wp-json\/wp\/v2\/users\/1"}],"replies":[{"embeddable":true,"href":"https:\/\/estatutodelartista.com\/gl\/wp-json\/wp\/v2\/comments?post=990"}],"version-history":[{"count":2,"href":"https:\/\/estatutodelartista.com\/gl\/wp-json\/wp\/v2\/pages\/990\/revisions"}],"predecessor-version":[{"id":992,"href":"https:\/\/estatutodelartista.com\/gl\/wp-json\/wp\/v2\/pages\/990\/revisions\/992"}],"wp:attachment":[{"href":"https:\/\/estatutodelartista.com\/gl\/wp-json\/wp\/v2\/media?parent=990"}],"curies":[{"name":"wp","href":"https:\/\/api.w.org\/{rel}","templated":true}]}}